{"id":546,"date":"2022-04-12T11:44:22","date_gmt":"2022-04-12T11:44:22","guid":{"rendered":"https:\/\/green-artivism.eu\/?page_id=546"},"modified":"2024-01-15T10:08:45","modified_gmt":"2024-01-15T10:08:45","slug":"project-es","status":"publish","type":"page","link":"https:\/\/green-artivism.eu\/index.php\/es\/project-es\/","title":{"rendered":"Proyecto"},"content":{"rendered":"\t\t<div data-elementor-type=\"wp-page\" data-elementor-id=\"546\" class=\"elementor elementor-546\" data-elementor-settings=\"{&quot;ha_cmc_init_switcher&quot;:&quot;no&quot;}\">\n\t\t\t\t\t\t<section class=\"elementor-section elementor-top-section elementor-element elementor-element-3b78c3a elementor-section-boxed elementor-section-height-default elementor-section-height-default\" data-id=\"3b78c3a\" data-element_type=\"section\" data-e-type=\"section\" data-settings=\"{&quot;background_background&quot;:&quot;classic&quot;,&quot;_ha_eqh_enable&quot;:false}\">\n\t\t\t\t\t\t\t<div class=\"elementor-background-overlay\"><\/div>\n\t\t\t\t\t\t\t<div class=\"elementor-container elementor-column-gap-default\">\n\t\t\t\t\t<div class=\"elementor-column elementor-col-100 elementor-top-column elementor-element elementor-element-5ce416d\" data-id=\"5ce416d\" data-element_type=\"column\" data-e-type=\"column\">\n\t\t\t<div class=\"elementor-widget-wrap elementor-element-populated\">\n\t\t\t\t\t\t<div class=\"elementor-element elementor-element-11db0e8 elementor-widget elementor-widget-spacer\" data-id=\"11db0e8\" data-element_type=\"widget\" data-e-type=\"widget\" data-widget_type=\"spacer.default\">\n\t\t\t\t<div class=\"elementor-widget-container\">\n\t\t\t\t\t\t\t<div class=\"elementor-spacer\">\n\t\t\t<div class=\"elementor-spacer-inner\"><\/div>\n\t\t<\/div>\n\t\t\t\t\t\t<\/div>\n\t\t\t\t<\/div>\n\t\t\t\t<div class=\"elementor-element elementor-element-b2db126 elementor-widget elementor-widget-heading\" data-id=\"b2db126\" data-element_type=\"widget\" data-e-type=\"widget\" data-widget_type=\"heading.default\">\n\t\t\t\t<div class=\"elementor-widget-container\">\n\t\t\t\t\t<h1 class=\"elementor-heading-title elementor-size-default\">El proyecto<\/h1>\t\t\t\t<\/div>\n\t\t\t\t<\/div>\n\t\t\t\t<div class=\"elementor-element elementor-element-f093ac4 elementor-widget-divider--view-line elementor-widget elementor-widget-divider\" data-id=\"f093ac4\" data-element_type=\"widget\" data-e-type=\"widget\" data-widget_type=\"divider.default\">\n\t\t\t\t<div class=\"elementor-widget-container\">\n\t\t\t\t\t\t\t<div class=\"elementor-divider\">\n\t\t\t<span class=\"elementor-divider-separator\">\n\t\t\t\t\t\t<\/span>\n\t\t<\/div>\n\t\t\t\t\t\t<\/div>\n\t\t\t\t<\/div>\n\t\t\t\t<div class=\"elementor-element elementor-element-2f1ba62 elementor-widget elementor-widget-spacer\" data-id=\"2f1ba62\" data-element_type=\"widget\" data-e-type=\"widget\" data-widget_type=\"spacer.default\">\n\t\t\t\t<div class=\"elementor-widget-container\">\n\t\t\t\t\t\t\t<div class=\"elementor-spacer\">\n\t\t\t<div class=\"elementor-spacer-inner\"><\/div>\n\t\t<\/div>\n\t\t\t\t\t\t<\/div>\n\t\t\t\t<\/div>\n\t\t\t\t<div class=\"elementor-element elementor-element-caf4460 elementor-widget elementor-widget-heading\" data-id=\"caf4460\" data-element_type=\"widget\" data-e-type=\"widget\" data-widget_type=\"heading.default\">\n\t\t\t\t<div class=\"elementor-widget-container\">\n\t\t\t\t\t<h3 class=\"elementor-heading-title elementor-size-default\">Descripci\u00f3n del Proyecto<\/h3>\t\t\t\t<\/div>\n\t\t\t\t<\/div>\n\t\t\t\t<div class=\"elementor-element elementor-element-f98850f elementor-widget elementor-widget-spacer\" data-id=\"f98850f\" data-element_type=\"widget\" data-e-type=\"widget\" data-widget_type=\"spacer.default\">\n\t\t\t\t<div class=\"elementor-widget-container\">\n\t\t\t\t\t\t\t<div class=\"elementor-spacer\">\n\t\t\t<div class=\"elementor-spacer-inner\"><\/div>\n\t\t<\/div>\n\t\t\t\t\t\t<\/div>\n\t\t\t\t<\/div>\n\t\t\t\t<div class=\"elementor-element elementor-element-452e24d elementor-widget elementor-widget-text-editor\" data-id=\"452e24d\" data-element_type=\"widget\" data-e-type=\"widget\" data-widget_type=\"text-editor.default\">\n\t\t\t\t<div class=\"elementor-widget-container\">\n\t\t\t\t\t\t\t\t\t<p>Desde 2018, los j\u00f3venes, inspirados por Greta Thunberg, han logrado crear el mayor movimiento para frenar la crisis clim\u00e1tica de la historia. Durante meses, miles de j\u00f3venes se reunieron cada viernes en manifestaciones para demandar medidas efectivas ante el cambio clim\u00e1tico en todo el mundo, siguiendo el movimiento Fridays for Future y grupos como Extinction Rebellion. Al mismo tiempo, en 2019, la Comisi\u00f3n Europea adopt\u00f3 el Pacto Verde Europeo (European Green Deal) como su nueva estrategia de crecimiento, con el objetivo de convertirse en el primer continente clim\u00e1ticamente neutral para 2050.\u00a0<\/p><p>Sin embargo, el brote de Covid-19 fren\u00f3 tanto las manifestaciones por el cambio clim\u00e1tico como la implementaci\u00f3n del Pacto Verde Europeo. Ahora, debemos luchar para garantizar que la recuperaci\u00f3n del Covid-19 se haga de manera ecol\u00f3gica para garantizar un futuro sostenible para la generaci\u00f3n joven, a trav\u00e9s de herramientas de empoderamiento que no requieran convocatorias masivas (por ejemplo, manifestaciones) de forma presencial. Podr\u00eda decirse que dos de las principales alternativas emergentes son las herramientas digitales, las art\u00edsticas o una combinaci\u00f3n de ambas. La vuelta a la normalidad debe hacerse de manera sostenible, resiliente, pero democr\u00e1tica y participativa.\u00a0<\/p><p>Por eso, preguntas como \u00ab\u00bfCu\u00e1l es mi poder como ciudadano de la UE?\u00bb o \u00ab\u00bfCu\u00e1l es mi poder como joven?\u00bb son ahora m\u00e1s oportunas que nunca. Este proyecto ofrecer\u00e1 una v\u00eda alternativa para responder a estas preguntas, a trav\u00e9s de una mezcla de herramientas digitales, tutoriales y tem\u00e1ticas que promuevan el uso de talleres cortos, plataformas de expresiones art\u00edstico-digitales y Think-Tanks virtuales. Estas actividades se dividir\u00e1n y operar\u00e1n a trav\u00e9s del desarrollo de 3 productos intelectuales diferentes.<\/p>\t\t\t\t\t\t\t\t<\/div>\n\t\t\t\t<\/div>\n\t\t\t\t<div class=\"elementor-element elementor-element-9514ab5 elementor-widget elementor-widget-spacer\" data-id=\"9514ab5\" data-element_type=\"widget\" data-e-type=\"widget\" data-widget_type=\"spacer.default\">\n\t\t\t\t<div class=\"elementor-widget-container\">\n\t\t\t\t\t\t\t<div class=\"elementor-spacer\">\n\t\t\t<div class=\"elementor-spacer-inner\"><\/div>\n\t\t<\/div>\n\t\t\t\t\t\t<\/div>\n\t\t\t\t<\/div>\n\t\t\t\t<div class=\"elementor-element elementor-element-6d57f95 elementor-widget elementor-widget-heading\" data-id=\"6d57f95\" data-element_type=\"widget\" data-e-type=\"widget\" data-widget_type=\"heading.default\">\n\t\t\t\t<div class=\"elementor-widget-container\">\n\t\t\t\t\t<h3 class=\"elementor-heading-title elementor-size-default\">Impacto<\/h3>\t\t\t\t<\/div>\n\t\t\t\t<\/div>\n\t\t\t\t<div class=\"elementor-element elementor-element-0fee5a6 elementor-widget elementor-widget-spacer\" data-id=\"0fee5a6\" data-element_type=\"widget\" data-e-type=\"widget\" data-widget_type=\"spacer.default\">\n\t\t\t\t<div class=\"elementor-widget-container\">\n\t\t\t\t\t\t\t<div class=\"elementor-spacer\">\n\t\t\t<div class=\"elementor-spacer-inner\"><\/div>\n\t\t<\/div>\n\t\t\t\t\t\t<\/div>\n\t\t\t\t<\/div>\n\t\t\t\t<div class=\"elementor-element elementor-element-af6be40 elementor-widget elementor-widget-text-editor\" data-id=\"af6be40\" data-element_type=\"widget\" data-e-type=\"widget\" data-widget_type=\"text-editor.default\">\n\t\t\t\t<div class=\"elementor-widget-container\">\n\t\t\t\t\t\t\t\t\t<p>El reto que el proyecto pretende abordar es la dificultad de las comunidades locales, especialmente de la generaci\u00f3n joven, para lograr la transici\u00f3n verde hacia un futuro resiliente \u00absin dejar a nadie atr\u00e1s\u00bb, en tiempos del distanciamiento social que el brote de Covid-19 ha impuesto. Nuestro Consorcio est\u00e1 formado por organizaciones en pa\u00edses con niveles m\u00e1s bajos de ciudadan\u00eda activa que el promedio de la UE, especialmente en el grupo de edad de 16 a 24 a\u00f1os (Eurostat, 2015). Los pa\u00edses de los socios se clasifican en las posiciones m\u00e1s bajas del \u00cdndice SDG de la UE 2021.\u00a0<\/p><p>Adem\u00e1s, utilizando el concepto de \u00abcostes ecol\u00f3gicos\u00bb, 3 de los 6 pa\u00edses del Consorcio se consideran neutrales o eco-costosos. Esta es una indicaci\u00f3n de los costes ambientales de las actividades humanas y el estilo de vida en estos pa\u00edses (Fuente Green Match www.greenmatch.co.uk). Sin embargo, la participaci\u00f3n en las elecciones de la UE no fue buena, con 3 pa\u00edses socios con una puntuaci\u00f3n inferior a la media de la UE del 50,66 %. Las transiciones ecol\u00f3gica y digital afectar\u00e1n cada parte de nuestra econom\u00eda, sociedad e industria. Otros desaf\u00edos adicionales est\u00e1n relacionados con el concepto de \u201cdemocracia 4.0\u201d: se pretende fomentar la participaci\u00f3n en los procesos democr\u00e1ticos a trav\u00e9s de medios digitales:\u00a0<\/p><p>-Los ciudadanos est\u00e1n perdiendo su fe en la democracia al estilo del siglo XX.\u00a0<\/p><p>-Pol\u00edtica de la vieja escuela no interactiva, basada en la comunicaci\u00f3n unidireccional, de arriba hacia abajo.<\/p><p>-Falta de alfabetizaci\u00f3n tecnol\u00f3gica en las instituciones democr\u00e1ticas y de gobierno.\u00a0<\/p><p>Nuestra metodolog\u00eda para hacer frente a los desaf\u00edos antes mencionados es la utilizaci\u00f3n de la puesta en marcha del Pacto Verde de la UE como una hoja de ruta de \u00abTransici\u00f3n Justa\u00bb hacia la neutralidad clim\u00e1tica y la resiliencia para la Uni\u00f3n Europea y las comunidades locales. De manera colectiva, recogeremos propuestas de transici\u00f3n justas, locales, ecol\u00f3gicas y econ\u00f3micamente viables a trav\u00e9s de herramientas y procesos f\u00edsicos y digitales para la colaboraci\u00f3n, la promoci\u00f3n de esfuerzos comunitarios, as\u00ed como la alfabetizaci\u00f3n y la defensa de los procedimientos democr\u00e1ticos.\u00a0<\/p><p>Los beneficiarios directos e indirectos, as\u00ed como las partes interesadas a nivel local\/regional\/nacional\/y de la UE ser\u00e1n el objetivo fundamental de las actividades de difusi\u00f3n y explotaci\u00f3n, todo ello en concordancia con la dimensi\u00f3n y aplicabilidad transnacional del proyecto, y con el alcance de la red paneuropea de los socios del Consorcio. La sensibilizaci\u00f3n del p\u00fablico multiplicar\u00e1 el impacto global del proyecto. Las organizaciones, organismos estatales e instituciones de la UE de inter\u00e9s ser\u00e1n contactadas a trav\u00e9s de informes, memorandos y boletines informativos, que har\u00e1n referencia a los principales productos intelectuales del proyecto.<\/p>\t\t\t\t\t\t\t\t<\/div>\n\t\t\t\t<\/div>\n\t\t\t\t<div class=\"elementor-element elementor-element-033a5a2 elementor-widget elementor-widget-spacer\" data-id=\"033a5a2\" data-element_type=\"widget\" data-e-type=\"widget\" data-widget_type=\"spacer.default\">\n\t\t\t\t<div class=\"elementor-widget-container\">\n\t\t\t\t\t\t\t<div class=\"elementor-spacer\">\n\t\t\t<div class=\"elementor-spacer-inner\"><\/div>\n\t\t<\/div>\n\t\t\t\t\t\t<\/div>\n\t\t\t\t<\/div>\n\t\t\t\t\t<\/div>\n\t\t<\/div>\n\t\t\t\t\t<\/div>\n\t\t<\/section>\n\t\t\t\t<section class=\"elementor-section elementor-top-section elementor-element elementor-element-4f090bd elementor-section-boxed elementor-section-height-default elementor-section-height-default\" data-id=\"4f090bd\" data-element_type=\"section\" data-e-type=\"section\" data-settings=\"{&quot;_ha_eqh_enable&quot;:false}\">\n\t\t\t\t\t\t<div class=\"elementor-container elementor-column-gap-default\">\n\t\t\t\t\t<div class=\"elementor-column elementor-col-33 elementor-top-column elementor-element elementor-element-c9205a3\" data-id=\"c9205a3\" data-element_type=\"column\" data-e-type=\"column\">\n\t\t\t<div class=\"elementor-widget-wrap elementor-element-populated\">\n\t\t\t\t\t\t<div class=\"elementor-element elementor-element-86ac8a0 elementor-widget elementor-widget-image\" data-id=\"86ac8a0\" data-element_type=\"widget\" data-e-type=\"widget\" data-widget_type=\"image.default\">\n\t\t\t\t<div class=\"elementor-widget-container\">\n\t\t\t\t\t\t\t\t\t\t\t\t\t\t\t<img decoding=\"async\" width=\"197\" height=\"43\" src=\"https:\/\/green-artivism.eu\/wp-content\/uploads\/2022\/03\/image-removebg-preview.png\" class=\"attachment-large size-large wp-image-115\" alt=\"\" \/>\t\t\t\t\t\t\t\t\t\t\t\t\t\t\t<\/div>\n\t\t\t\t<\/div>\n\t\t\t\t<div class=\"elementor-element elementor-element-2097e61 elementor-widget elementor-widget-text-editor\" data-id=\"2097e61\" data-element_type=\"widget\" data-e-type=\"widget\" data-widget_type=\"text-editor.default\">\n\t\t\t\t<div class=\"elementor-widget-container\">\n\t\t\t\t\t\t\t\t\t<p>Financiado por la Uni\u00f3n Europea. Las opiniones y puntos de vista expresados solo comprometen a su(s) autor(es) y no reflejan necesariamente los de la Uni\u00f3n Europea o los de la Agencia Ejecutiva Europea de Educaci\u00f3n y Cultura (EACEA). Ni la Uni\u00f3n Europea ni la EACEA pueden ser considerados responsables de ellos. 2021-1-ES02-KA220-YOU-000029048<\/p>\t\t\t\t\t\t\t\t<\/div>\n\t\t\t\t<\/div>\n\t\t\t\t\t<\/div>\n\t\t<\/div>\n\t\t\t\t<div class=\"elementor-column elementor-col-33 elementor-top-column elementor-element elementor-element-3177732\" data-id=\"3177732\" data-element_type=\"column\" data-e-type=\"column\">\n\t\t\t<div class=\"elementor-widget-wrap\">\n\t\t\t\t\t\t\t<\/div>\n\t\t<\/div>\n\t\t\t\t<div class=\"elementor-column elementor-col-33 elementor-top-column elementor-element elementor-element-283f847\" data-id=\"283f847\" data-element_type=\"column\" data-e-type=\"column\">\n\t\t\t<div class=\"elementor-widget-wrap elementor-element-populated\">\n\t\t\t\t\t\t<div class=\"elementor-element elementor-element-002fa23 elementor-widget elementor-widget-image\" data-id=\"002fa23\" data-element_type=\"widget\" data-e-type=\"widget\" data-widget_type=\"image.default\">\n\t\t\t\t<div class=\"elementor-widget-container\">\n\t\t\t\t\t\t\t\t\t\t\t\t\t\t\t\t<a href=\"https:\/\/green-artivism.eu\/\">\n\t\t\t\t\t\t\t<img decoding=\"async\" width=\"121\" height=\"61\" src=\"https:\/\/green-artivism.eu\/wp-content\/uploads\/2022\/03\/xxsmall.png\" class=\"attachment-large size-large wp-image-15\" alt=\"\" \/>\t\t\t\t\t\t\t\t<\/a>\n\t\t\t\t\t\t\t\t\t\t\t\t\t\t\t<\/div>\n\t\t\t\t<\/div>\n\t\t\t\t<div class=\"elementor-element elementor-element-5c88a0e elementor-widget elementor-widget-text-editor\" data-id=\"5c88a0e\" data-element_type=\"widget\" data-e-type=\"widget\" data-widget_type=\"text-editor.default\">\n\t\t\t\t<div class=\"elementor-widget-container\">\n\t\t\t\t\t\t\t\t\t<a style=\"color: #344e41;\" href=\"https:\/\/green-artivism.eu\/index.php\/terms-of-use\/\" target=\"_blank\" rel=\"noopener\">Terms of Use<\/a>\t\t\t\t\t\t\t\t<\/div>\n\t\t\t\t<\/div>\n\t\t\t\t<div class=\"elementor-element elementor-element-44e5d43 elementor-shape-circle e-grid-align-right elementor-grid-0 elementor-widget elementor-widget-social-icons\" data-id=\"44e5d43\" data-element_type=\"widget\" data-e-type=\"widget\" data-widget_type=\"social-icons.default\">\n\t\t\t\t<div class=\"elementor-widget-container\">\n\t\t\t\t\t\t\t<div class=\"elementor-social-icons-wrapper elementor-grid\" role=\"list\">\n\t\t\t\t\t\t\t<span class=\"elementor-grid-item\" role=\"listitem\">\n\t\t\t\t\t<a class=\"elementor-icon elementor-social-icon elementor-social-icon-facebook elementor-repeater-item-fb672d3\" target=\"_blank\">\n\t\t\t\t\t\t<span class=\"elementor-screen-only\">Facebook<\/span>\n\t\t\t\t\t\t<i aria-hidden=\"true\" class=\"fab fa-facebook\"><\/i>\t\t\t\t\t<\/a>\n\t\t\t\t<\/span>\n\t\t\t\t\t\t\t<span class=\"elementor-grid-item\" role=\"listitem\">\n\t\t\t\t\t<a class=\"elementor-icon elementor-social-icon elementor-social-icon-icon-instagram-2 elementor-repeater-item-04d560b\" href=\"https:\/\/instagram.com\/greenartivism?utm_medium=copy_link\" target=\"_blank\">\n\t\t\t\t\t\t<span class=\"elementor-screen-only\">Icon-instagram-2<\/span>\n\t\t\t\t\t\t<i aria-hidden=\"true\" class=\"icon icon-instagram-2\"><\/i>\t\t\t\t\t<\/a>\n\t\t\t\t<\/span>\n\t\t\t\t\t\t\t<span class=\"elementor-grid-item\" role=\"listitem\">\n\t\t\t\t\t<a class=\"elementor-icon elementor-social-icon elementor-social-icon-youtube elementor-repeater-item-1b862d7\" href=\"https:\/\/www.youtube.com\/channel\/UCCE30qypjCrCedxvsHh7dOQ\" target=\"_blank\">\n\t\t\t\t\t\t<span class=\"elementor-screen-only\">Youtube<\/span>\n\t\t\t\t\t\t<i aria-hidden=\"true\" class=\"fab fa-youtube\"><\/i>\t\t\t\t\t<\/a>\n\t\t\t\t<\/span>\n\t\t\t\t\t<\/div>\n\t\t\t\t\t\t<\/div>\n\t\t\t\t<\/div>\n\t\t\t\t\t<\/div>\n\t\t<\/div>\n\t\t\t\t\t<\/div>\n\t\t<\/section>\n\t\t\t\t<section class=\"elementor-section elementor-top-section elementor-element elementor-element-102e100 elementor-section-boxed elementor-section-height-default elementor-section-height-default\" data-id=\"102e100\" data-element_type=\"section\" data-e-type=\"section\" data-settings=\"{&quot;_ha_eqh_enable&quot;:false}\">\n\t\t\t\t\t\t<div class=\"elementor-container elementor-column-gap-default\">\n\t\t\t\t\t<div class=\"elementor-column elementor-col-100 elementor-top-column elementor-element elementor-element-ff36981\" data-id=\"ff36981\" data-element_type=\"column\" data-e-type=\"column\">\n\t\t\t<div class=\"elementor-widget-wrap elementor-element-populated\">\n\t\t\t\t\t\t<div class=\"elementor-element elementor-element-df7f5e6 elementor-widget-divider--view-line elementor-widget elementor-widget-divider\" data-id=\"df7f5e6\" data-element_type=\"widget\" data-e-type=\"widget\" data-widget_type=\"divider.default\">\n\t\t\t\t<div class=\"elementor-widget-container\">\n\t\t\t\t\t\t\t<div class=\"elementor-divider\">\n\t\t\t<span class=\"elementor-divider-separator\">\n\t\t\t\t\t\t<\/span>\n\t\t<\/div>\n\t\t\t\t\t\t<\/div>\n\t\t\t\t<\/div>\n\t\t\t\t\t<\/div>\n\t\t<\/div>\n\t\t\t\t\t<\/div>\n\t\t<\/section>\n\t\t\t\t<section class=\"elementor-section elementor-top-section elementor-element elementor-element-36b4370 elementor-section-boxed elementor-section-height-default elementor-section-height-default\" data-id=\"36b4370\" data-element_type=\"section\" data-e-type=\"section\" data-settings=\"{&quot;_ha_eqh_enable&quot;:false}\">\n\t\t\t\t\t\t<div class=\"elementor-container elementor-column-gap-default\">\n\t\t\t\t\t<div class=\"elementor-column elementor-col-33 elementor-top-column elementor-element elementor-element-29a84ae\" data-id=\"29a84ae\" data-element_type=\"column\" data-e-type=\"column\">\n\t\t\t<div class=\"elementor-widget-wrap elementor-element-populated\">\n\t\t\t\t\t\t<div class=\"elementor-element elementor-element-840d813 elementor-widget elementor-widget-text-editor\" data-id=\"840d813\" data-element_type=\"widget\" data-e-type=\"widget\" data-widget_type=\"text-editor.default\">\n\t\t\t\t<div class=\"elementor-widget-container\">\n\t\t\t\t\t\t\t\t\t<p><span style=\"color: #344e41;\">Copyright \u00a9 2022 Green Artivism. All Rights Reserved.<\/span><\/p>\t\t\t\t\t\t\t\t<\/div>\n\t\t\t\t<\/div>\n\t\t\t\t\t<\/div>\n\t\t<\/div>\n\t\t\t\t<div class=\"elementor-column elementor-col-33 elementor-top-column elementor-element elementor-element-eb5b1c8\" data-id=\"eb5b1c8\" data-element_type=\"column\" data-e-type=\"column\">\n\t\t\t<div class=\"elementor-widget-wrap\">\n\t\t\t\t\t\t\t<\/div>\n\t\t<\/div>\n\t\t\t\t<div class=\"elementor-column elementor-col-33 elementor-top-column elementor-element elementor-element-8521b1d\" data-id=\"8521b1d\" data-element_type=\"column\" data-e-type=\"column\">\n\t\t\t<div class=\"elementor-widget-wrap elementor-element-populated\">\n\t\t\t\t\t\t<div class=\"elementor-element elementor-element-dfe6276 elementor-widget elementor-widget-text-editor\" data-id=\"dfe6276\" data-element_type=\"widget\" data-e-type=\"widget\" data-widget_type=\"text-editor.default\">\n\t\t\t\t<div class=\"elementor-widget-container\">\n\t\t\t\t\t\t\t\t\t<span style=\"color: #344e41; text-align: left;\">Powered by\u00a0<\/span><a style=\"color: #14213d; text-align: right;\" href=\"https:\/\/innovationhive.eu\/\" target=\"_blank\" rel=\"noopener\">Innovation Hive<\/a>\t\t\t\t\t\t\t\t<\/div>\n\t\t\t\t<\/div>\n\t\t\t\t\t<\/div>\n\t\t<\/div>\n\t\t\t\t\t<\/div>\n\t\t<\/section>\n\t\t\t\t<\/div>\n\t\t","protected":false},"excerpt":{"rendered":"<p>El proyecto Descripci\u00f3n del Proyecto Desde 2018, los j\u00f3venes, inspirados por Greta Thunberg, han logrado crear el mayor movimiento para [&hellip;]<\/p>\n","protected":false},"author":1,"featured_media":0,"parent":0,"menu_order":0,"comment_status":"closed","ping_status":"closed","template":"page-templates\/template_page-builder.php","meta":{"_bbp_topic_count":0,"_bbp_reply_count":0,"_bbp_total_topic_count":0,"_bbp_total_reply_count":0,"_bbp_voice_count":0,"_bbp_anonymous_reply_count":0,"_bbp_topic_count_hidden":0,"_bbp_reply_count_hidden":0,"_bbp_forum_subforum_count":0,"_monsterinsights_skip_tracking":false,"_monsterinsights_sitenote_active":false,"_monsterinsights_sitenote_note":"","_monsterinsights_sitenote_category":0,"footnotes":""},"class_list":["post-546","page","type-page","status-publish","hentry"],"aioseo_notices":[],"_links":{"self":[{"href":"https:\/\/green-artivism.eu\/index.php\/wp-json\/wp\/v2\/pages\/546","targetHints":{"allow":["GET"]}}],"collection":[{"href":"https:\/\/green-artivism.eu\/index.php\/wp-json\/wp\/v2\/pages"}],"about":[{"href":"https:\/\/green-artivism.eu\/index.php\/wp-json\/wp\/v2\/types\/page"}],"author":[{"embeddable":true,"href":"https:\/\/green-artivism.eu\/index.php\/wp-json\/wp\/v2\/users\/1"}],"replies":[{"embeddable":true,"href":"https:\/\/green-artivism.eu\/index.php\/wp-json\/wp\/v2\/comments?post=546"}],"version-history":[{"count":22,"href":"https:\/\/green-artivism.eu\/index.php\/wp-json\/wp\/v2\/pages\/546\/revisions"}],"predecessor-version":[{"id":2998,"href":"https:\/\/green-artivism.eu\/index.php\/wp-json\/wp\/v2\/pages\/546\/revisions\/2998"}],"wp:attachment":[{"href":"https:\/\/green-artivism.eu\/index.php\/wp-json\/wp\/v2\/media?parent=546"}],"curies":[{"name":"wp","href":"https:\/\/api.w.org\/{rel}","templated":true}]}}