{"id":458,"date":"2022-04-12T11:13:25","date_gmt":"2022-04-12T11:13:25","guid":{"rendered":"https:\/\/green-artivism.eu\/?page_id=458"},"modified":"2024-01-15T09:59:26","modified_gmt":"2024-01-15T09:59:26","slug":"project-sl","status":"publish","type":"page","link":"https:\/\/green-artivism.eu\/index.php\/sl\/project-sl\/","title":{"rendered":"Projekt"},"content":{"rendered":"\t\t<div data-elementor-type=\"wp-page\" data-elementor-id=\"458\" class=\"elementor elementor-458\" data-elementor-settings=\"{&quot;ha_cmc_init_switcher&quot;:&quot;no&quot;}\">\n\t\t\t\t\t\t<section class=\"elementor-section elementor-top-section elementor-element elementor-element-3b78c3a elementor-section-boxed elementor-section-height-default elementor-section-height-default\" data-id=\"3b78c3a\" data-element_type=\"section\" data-e-type=\"section\" data-settings=\"{&quot;background_background&quot;:&quot;classic&quot;,&quot;_ha_eqh_enable&quot;:false}\">\n\t\t\t\t\t\t\t<div class=\"elementor-background-overlay\"><\/div>\n\t\t\t\t\t\t\t<div class=\"elementor-container elementor-column-gap-default\">\n\t\t\t\t\t<div class=\"elementor-column elementor-col-100 elementor-top-column elementor-element elementor-element-5ce416d\" data-id=\"5ce416d\" data-element_type=\"column\" data-e-type=\"column\">\n\t\t\t<div class=\"elementor-widget-wrap elementor-element-populated\">\n\t\t\t\t\t\t<div class=\"elementor-element elementor-element-11db0e8 elementor-widget elementor-widget-spacer\" data-id=\"11db0e8\" data-element_type=\"widget\" data-e-type=\"widget\" data-widget_type=\"spacer.default\">\n\t\t\t\t<div class=\"elementor-widget-container\">\n\t\t\t\t\t\t\t<div class=\"elementor-spacer\">\n\t\t\t<div class=\"elementor-spacer-inner\"><\/div>\n\t\t<\/div>\n\t\t\t\t\t\t<\/div>\n\t\t\t\t<\/div>\n\t\t\t\t<div class=\"elementor-element elementor-element-b2db126 elementor-widget elementor-widget-heading\" data-id=\"b2db126\" data-element_type=\"widget\" data-e-type=\"widget\" data-widget_type=\"heading.default\">\n\t\t\t\t<div class=\"elementor-widget-container\">\n\t\t\t\t\t<h1 class=\"elementor-heading-title elementor-size-default\"> Projekt<\/h1>\t\t\t\t<\/div>\n\t\t\t\t<\/div>\n\t\t\t\t<div class=\"elementor-element elementor-element-f093ac4 elementor-widget-divider--view-line elementor-widget elementor-widget-divider\" data-id=\"f093ac4\" data-element_type=\"widget\" data-e-type=\"widget\" data-widget_type=\"divider.default\">\n\t\t\t\t<div class=\"elementor-widget-container\">\n\t\t\t\t\t\t\t<div class=\"elementor-divider\">\n\t\t\t<span class=\"elementor-divider-separator\">\n\t\t\t\t\t\t<\/span>\n\t\t<\/div>\n\t\t\t\t\t\t<\/div>\n\t\t\t\t<\/div>\n\t\t\t\t<div class=\"elementor-element elementor-element-2f1ba62 elementor-widget elementor-widget-spacer\" data-id=\"2f1ba62\" data-element_type=\"widget\" data-e-type=\"widget\" data-widget_type=\"spacer.default\">\n\t\t\t\t<div class=\"elementor-widget-container\">\n\t\t\t\t\t\t\t<div class=\"elementor-spacer\">\n\t\t\t<div class=\"elementor-spacer-inner\"><\/div>\n\t\t<\/div>\n\t\t\t\t\t\t<\/div>\n\t\t\t\t<\/div>\n\t\t\t\t<div class=\"elementor-element elementor-element-caf4460 elementor-widget elementor-widget-heading\" data-id=\"caf4460\" data-element_type=\"widget\" data-e-type=\"widget\" data-widget_type=\"heading.default\">\n\t\t\t\t<div class=\"elementor-widget-container\">\n\t\t\t\t\t<h3 class=\"elementor-heading-title elementor-size-default\">Opis projekta<\/h3>\t\t\t\t<\/div>\n\t\t\t\t<\/div>\n\t\t\t\t<div class=\"elementor-element elementor-element-f98850f elementor-widget elementor-widget-spacer\" data-id=\"f98850f\" data-element_type=\"widget\" data-e-type=\"widget\" data-widget_type=\"spacer.default\">\n\t\t\t\t<div class=\"elementor-widget-container\">\n\t\t\t\t\t\t\t<div class=\"elementor-spacer\">\n\t\t\t<div class=\"elementor-spacer-inner\"><\/div>\n\t\t<\/div>\n\t\t\t\t\t\t<\/div>\n\t\t\t\t<\/div>\n\t\t\t\t<div class=\"elementor-element elementor-element-452e24d elementor-widget elementor-widget-text-editor\" data-id=\"452e24d\" data-element_type=\"widget\" data-e-type=\"widget\" data-widget_type=\"text-editor.default\">\n\t\t\t\t<div class=\"elementor-widget-container\">\n\t\t\t\t\t\t\t\t\t<p>Mladi generaciji pod vodstvom Grete Thunberg \u017ee od 2018 uspeva ustvarjati najve\u010dji zagon za ustavitev klimatske krize v zgodovini. Ve\u010d mesecev se je na tiso\u010de mladih vsak petek zbralo na podnebnih stavkah po vsem svetu kot podpora gibanju Fridays for Future in skupinam kot je Extinction Rebellion. Hkrati je nova Evropska komisija leta 2019 sprejela Evropski zeleni dogovor kot svojo novo razvojno strategijo, katere cilj je postati prva podnebno nevtralna celina do leta 2050.\u00a0<\/p><p>Izbruh Covid-19 je ustavil tako podnebne stavke kot izvajanje Evropskega zelenega dogovora. Zdaj se moramo boriti za to, da bo okrevanje po Covid-19 zeleno in da se zagotovi trajnostna prihodnost za mlado generacijo s pomo\u010djo orodji za opolnomo\u010denje, ki ne zahtevajo kopi\u010denja velikih mno\u017eic (npr. fizi\u010dnih protestov). Glavni obetajo\u010di alternativi bi lahko bili digitalna in umetni\u0161ka orodja ali kombinacija obeh. Vrnitev v normalno stanje je treba izvesti na trajnosten, odporen, a hkrati demokrati\u010den in participativen na\u010din.\u00a0<\/p><p>Zato so vpra\u0161anja kot &#8220;Kak\u0161na je moja mo\u010d kot dr\u017eavljan EU?&#8221;, &#8220;Kak\u0161na je moja mo\u010d kot mlada oseba?&#8221; zdaj bolj aktualna kot kdaj koli prej. Alternativni odgovor na ta vpra\u0161anja v okviru tega projekta bo kombinacija digitalnih orodij, priro\u010dnikov in tematik, ki spodbujajo uporabo majhnih delavnic, umetni\u0161ko-digitalnih izraznih platform in virtualnih posvetovalnih skupin. Te dejavnosti bodo razdeljene in upravljane z razvojem treh razli\u010dnih intelektualnih rezultatov.<\/p><p>\u00a0<\/p><p>\u00a0<\/p><p>\u00a0<\/p>\t\t\t\t\t\t\t\t<\/div>\n\t\t\t\t<\/div>\n\t\t\t\t<div class=\"elementor-element elementor-element-9514ab5 elementor-widget elementor-widget-spacer\" data-id=\"9514ab5\" data-element_type=\"widget\" data-e-type=\"widget\" data-widget_type=\"spacer.default\">\n\t\t\t\t<div class=\"elementor-widget-container\">\n\t\t\t\t\t\t\t<div class=\"elementor-spacer\">\n\t\t\t<div class=\"elementor-spacer-inner\"><\/div>\n\t\t<\/div>\n\t\t\t\t\t\t<\/div>\n\t\t\t\t<\/div>\n\t\t\t\t<div class=\"elementor-element elementor-element-6d57f95 elementor-widget elementor-widget-heading\" data-id=\"6d57f95\" data-element_type=\"widget\" data-e-type=\"widget\" data-widget_type=\"heading.default\">\n\t\t\t\t<div class=\"elementor-widget-container\">\n\t\t\t\t\t<h3 class=\"elementor-heading-title elementor-size-default\">Vpliv<\/h3>\t\t\t\t<\/div>\n\t\t\t\t<\/div>\n\t\t\t\t<div class=\"elementor-element elementor-element-0fee5a6 elementor-widget elementor-widget-spacer\" data-id=\"0fee5a6\" data-element_type=\"widget\" data-e-type=\"widget\" data-widget_type=\"spacer.default\">\n\t\t\t\t<div class=\"elementor-widget-container\">\n\t\t\t\t\t\t\t<div class=\"elementor-spacer\">\n\t\t\t<div class=\"elementor-spacer-inner\"><\/div>\n\t\t<\/div>\n\t\t\t\t\t\t<\/div>\n\t\t\t\t<\/div>\n\t\t\t\t<div class=\"elementor-element elementor-element-af6be40 elementor-widget elementor-widget-text-editor\" data-id=\"af6be40\" data-element_type=\"widget\" data-e-type=\"widget\" data-widget_type=\"text-editor.default\">\n\t\t\t\t<div class=\"elementor-widget-container\">\n\t\t\t\t\t\t\t\t\t<p>Izziv, s katerim se \u017eeli projekt spopasti, se nana\u0161a na lokalne skupnosti, zlasti mlado generacijo, ki se spra\u0161uje, kako dose\u010di zeleni prehod v odporno prihodnost in pri tem ne pustiti nikogar za sabo v \u010dasu socialnega distanciranja, ki ga povzro\u010da Covid-19. Na\u0161e partnerstvo sestavljajo organizacije v dr\u017eavah z veliko ni\u017ejo stopnjo aktivnega dr\u017eavljanstva od povpre\u010dja EU, zlasti v starostni skupini 16-24 let (Eurostat, 2015). Dr\u017eave partnerice se uvr\u0161\u010dajo na ni\u017eje polo\u017eaje v EU indeksu ciljev trajnostnega razvoja (SDG) iz 2021.&nbsp;<\/p>\n<p>Poleg tega se, po konceptu \u00bbeko stro\u0161kov\u00ab, \u0161tejejo tri od \u0161estih dr\u017eav za nevtralne ali \u00bbekolo\u0161ko drage\u00ab. To je pokazatelj okoljskih stro\u0161kov \u010dlove\u0161kih dejavnosti in \u017eivljenjskega sloga v teh dr\u017eavah (vir: Green Match www.greenmatch.co.uk). Tudi udele\u017eba na evropskih volitvah ni bila dobra, saj so tri partnerske dr\u017eave dosegle udele\u017ebo pod EU povpre\u010djem, ki zna\u0161a 50,66 %. Zdru\u017eeni ekolo\u0161ki in digitalni prehodi bodo vplivali na vse dele na\u0161ega gospodarstva, dru\u017ebe in industrije. Dodatni izzivi so povezani s konceptom \u00bbdemokracije 4.0\u00ab: vklju\u010devanje v demokrati\u010dne procese preko digitalnih sredstev:&nbsp;<\/p>\n<p>&#8211; Dr\u017eavljani izgubljajo vero v demokracijo 20. stoletja&nbsp;<\/p>\n<p>&#8211; Neinteraktivna, enosmerna komunikacijska politika od zgoraj navzdol&nbsp;<\/p>\n<p>&#8211; Pomanjkanje tehnolo\u0161ke pismenosti v upravljanju in demokrati\u010dnih institucijah.&nbsp;<\/p>\n<p>Na\u0161a metodologija za spopadanje z zgoraj omenjenimi izzivi je operacionalizacija zelenega dogovora kot na\u010drta za &#8220;pravi\u010den prehod&#8221; do podnebne nevtralnosti in odpornosti za Evropsko unijo in lokalne skupnosti. Skupaj bomo oblikovali pravi\u010dne, lokalne, zelene, ekonomsko izvedljive predloge prehoda z digitalnimi in fizi\u010dnimi orodji in procesi za sodelovanje, izgradnjo skupnosti, opismenjevanje demokrati\u010dnih postopkov in zagovorni\u0161tvo. Zaradi nadnacionalne razse\u017enosti in uporabnosti projekta ter dosega vseevropske partnerske mre\u017ee bodo z dejavnostmi diseminacije in eksploitacije dose\u017eeni neposredni in posredni upravi\u010denci in zainteresirane strani na lokalni\/regionalni\/nacionalni\/EU ravni. Ozave\u0161\u010danje javnosti bo pomno\u017eilo celoten u\u010dinek projekta.&nbsp;<\/p><p>Organizacije, dr\u017eavni organi in druge institucije &#8211; dele\u017eniki EU se bodo lahko obrnili na poro\u010dila, obvestila in biltene, ki se bodo sklicevali na pomembne intelektualne rezultate projektov. Poleg tega bo projekt vklju\u010deval specifi\u010dne dejavnosti diseminacije, ki bodo vklju\u010devale vse ciljne skupine na lokalni, regionalni, nacionalni in EU ravni. Dobre prakse se bodo delile na mednarodni ravni, prek vzpostavljenih omre\u017eij in z uporabo socialnih omre\u017eij, ki jim bo zastavljena dolo\u010dena prednost glede na cilj, ki mu projekt sledi.<\/p>\n<p><br><\/p>\t\t\t\t\t\t\t\t<\/div>\n\t\t\t\t<\/div>\n\t\t\t\t<div class=\"elementor-element elementor-element-033a5a2 elementor-widget elementor-widget-spacer\" data-id=\"033a5a2\" data-element_type=\"widget\" data-e-type=\"widget\" data-widget_type=\"spacer.default\">\n\t\t\t\t<div class=\"elementor-widget-container\">\n\t\t\t\t\t\t\t<div class=\"elementor-spacer\">\n\t\t\t<div class=\"elementor-spacer-inner\"><\/div>\n\t\t<\/div>\n\t\t\t\t\t\t<\/div>\n\t\t\t\t<\/div>\n\t\t\t\t\t<\/div>\n\t\t<\/div>\n\t\t\t\t\t<\/div>\n\t\t<\/section>\n\t\t\t\t<section class=\"elementor-section elementor-top-section elementor-element elementor-element-e391dcd elementor-section-boxed elementor-section-height-default elementor-section-height-default\" data-id=\"e391dcd\" data-element_type=\"section\" data-e-type=\"section\" data-settings=\"{&quot;_ha_eqh_enable&quot;:false}\">\n\t\t\t\t\t\t<div class=\"elementor-container elementor-column-gap-default\">\n\t\t\t\t\t<div class=\"elementor-column elementor-col-33 elementor-top-column elementor-element elementor-element-f0029af\" data-id=\"f0029af\" data-element_type=\"column\" data-e-type=\"column\">\n\t\t\t<div class=\"elementor-widget-wrap elementor-element-populated\">\n\t\t\t\t\t\t<div class=\"elementor-element elementor-element-4ef8deb elementor-widget elementor-widget-image\" data-id=\"4ef8deb\" data-element_type=\"widget\" data-e-type=\"widget\" data-widget_type=\"image.default\">\n\t\t\t\t<div class=\"elementor-widget-container\">\n\t\t\t\t\t\t\t\t\t\t\t\t\t\t\t<img decoding=\"async\" width=\"197\" height=\"43\" src=\"https:\/\/green-artivism.eu\/wp-content\/uploads\/2022\/03\/image-removebg-preview.png\" class=\"attachment-large size-large wp-image-115\" alt=\"\" \/>\t\t\t\t\t\t\t\t\t\t\t\t\t\t\t<\/div>\n\t\t\t\t<\/div>\n\t\t\t\t<div class=\"elementor-element elementor-element-5d5aaa4 elementor-widget elementor-widget-text-editor\" data-id=\"5d5aaa4\" data-element_type=\"widget\" data-e-type=\"widget\" data-widget_type=\"text-editor.default\">\n\t\t\t\t<div class=\"elementor-widget-container\">\n\t\t\t\t\t\t\t\t\t<p>Financirano s strani Evropske unije. Izra\u017eena stali\u0161\u010da in mnenja so zgolj stali\u0161\u010da in mnenja avtorja(-ev) in ni nujno, da odra\u017eajo stali\u0161\u010da in mnenja Evropske unije ali Evropske izvajalske agencije za izobra\u017eevanje in kulturo (EACEA). Zanje ne moreta biti odgovorna niti Evropska unija niti EACEA. 2021-1-ES02-KA220-YOU-000029048<\/p>\t\t\t\t\t\t\t\t<\/div>\n\t\t\t\t<\/div>\n\t\t\t\t\t<\/div>\n\t\t<\/div>\n\t\t\t\t<div class=\"elementor-column elementor-col-33 elementor-top-column elementor-element elementor-element-b45321c\" data-id=\"b45321c\" data-element_type=\"column\" data-e-type=\"column\">\n\t\t\t<div class=\"elementor-widget-wrap\">\n\t\t\t\t\t\t\t<\/div>\n\t\t<\/div>\n\t\t\t\t<div class=\"elementor-column elementor-col-33 elementor-top-column elementor-element elementor-element-e0f9ca9\" data-id=\"e0f9ca9\" data-element_type=\"column\" data-e-type=\"column\">\n\t\t\t<div class=\"elementor-widget-wrap elementor-element-populated\">\n\t\t\t\t\t\t<div class=\"elementor-element elementor-element-e35d5d6 elementor-widget elementor-widget-image\" data-id=\"e35d5d6\" data-element_type=\"widget\" data-e-type=\"widget\" data-widget_type=\"image.default\">\n\t\t\t\t<div class=\"elementor-widget-container\">\n\t\t\t\t\t\t\t\t\t\t\t\t\t\t\t\t<a href=\"https:\/\/green-artivism.eu\/\">\n\t\t\t\t\t\t\t<img decoding=\"async\" width=\"121\" height=\"61\" src=\"https:\/\/green-artivism.eu\/wp-content\/uploads\/2022\/03\/xxsmall.png\" class=\"attachment-large size-large wp-image-15\" alt=\"\" \/>\t\t\t\t\t\t\t\t<\/a>\n\t\t\t\t\t\t\t\t\t\t\t\t\t\t\t<\/div>\n\t\t\t\t<\/div>\n\t\t\t\t<div class=\"elementor-element elementor-element-7a7f12f elementor-widget elementor-widget-text-editor\" data-id=\"7a7f12f\" data-element_type=\"widget\" data-e-type=\"widget\" data-widget_type=\"text-editor.default\">\n\t\t\t\t<div class=\"elementor-widget-container\">\n\t\t\t\t\t\t\t\t\t<a style=\"color: #344e41;\" href=\"https:\/\/green-artivism.eu\/index.php\/terms-of-use\/\" target=\"_blank\" rel=\"noopener\">Terms of Use<\/a>\t\t\t\t\t\t\t\t<\/div>\n\t\t\t\t<\/div>\n\t\t\t\t<div class=\"elementor-element elementor-element-1c44fd0 elementor-shape-circle e-grid-align-right elementor-grid-0 elementor-widget elementor-widget-social-icons\" data-id=\"1c44fd0\" data-element_type=\"widget\" data-e-type=\"widget\" data-widget_type=\"social-icons.default\">\n\t\t\t\t<div class=\"elementor-widget-container\">\n\t\t\t\t\t\t\t<div class=\"elementor-social-icons-wrapper elementor-grid\" role=\"list\">\n\t\t\t\t\t\t\t<span class=\"elementor-grid-item\" role=\"listitem\">\n\t\t\t\t\t<a class=\"elementor-icon elementor-social-icon elementor-social-icon-facebook elementor-repeater-item-fb672d3\" target=\"_blank\">\n\t\t\t\t\t\t<span class=\"elementor-screen-only\">Facebook<\/span>\n\t\t\t\t\t\t<i aria-hidden=\"true\" class=\"fab fa-facebook\"><\/i>\t\t\t\t\t<\/a>\n\t\t\t\t<\/span>\n\t\t\t\t\t\t\t<span class=\"elementor-grid-item\" role=\"listitem\">\n\t\t\t\t\t<a class=\"elementor-icon elementor-social-icon elementor-social-icon-icon-instagram-2 elementor-repeater-item-04d560b\" href=\"https:\/\/instagram.com\/greenartivism?utm_medium=copy_link\" target=\"_blank\">\n\t\t\t\t\t\t<span class=\"elementor-screen-only\">Icon-instagram-2<\/span>\n\t\t\t\t\t\t<i aria-hidden=\"true\" class=\"icon icon-instagram-2\"><\/i>\t\t\t\t\t<\/a>\n\t\t\t\t<\/span>\n\t\t\t\t\t\t\t<span class=\"elementor-grid-item\" role=\"listitem\">\n\t\t\t\t\t<a class=\"elementor-icon elementor-social-icon elementor-social-icon-youtube elementor-repeater-item-1b862d7\" href=\"https:\/\/www.youtube.com\/channel\/UCCE30qypjCrCedxvsHh7dOQ\" target=\"_blank\">\n\t\t\t\t\t\t<span class=\"elementor-screen-only\">Youtube<\/span>\n\t\t\t\t\t\t<i aria-hidden=\"true\" class=\"fab fa-youtube\"><\/i>\t\t\t\t\t<\/a>\n\t\t\t\t<\/span>\n\t\t\t\t\t<\/div>\n\t\t\t\t\t\t<\/div>\n\t\t\t\t<\/div>\n\t\t\t\t\t<\/div>\n\t\t<\/div>\n\t\t\t\t\t<\/div>\n\t\t<\/section>\n\t\t\t\t<section class=\"elementor-section elementor-top-section elementor-element elementor-element-678aa9f elementor-section-boxed elementor-section-height-default elementor-section-height-default\" data-id=\"678aa9f\" data-element_type=\"section\" data-e-type=\"section\" data-settings=\"{&quot;_ha_eqh_enable&quot;:false}\">\n\t\t\t\t\t\t<div class=\"elementor-container elementor-column-gap-default\">\n\t\t\t\t\t<div class=\"elementor-column elementor-col-100 elementor-top-column elementor-element elementor-element-77d89cf\" data-id=\"77d89cf\" data-element_type=\"column\" data-e-type=\"column\">\n\t\t\t<div class=\"elementor-widget-wrap elementor-element-populated\">\n\t\t\t\t\t\t<div class=\"elementor-element elementor-element-a3800d6 elementor-widget-divider--view-line elementor-widget elementor-widget-divider\" data-id=\"a3800d6\" data-element_type=\"widget\" data-e-type=\"widget\" data-widget_type=\"divider.default\">\n\t\t\t\t<div class=\"elementor-widget-container\">\n\t\t\t\t\t\t\t<div class=\"elementor-divider\">\n\t\t\t<span class=\"elementor-divider-separator\">\n\t\t\t\t\t\t<\/span>\n\t\t<\/div>\n\t\t\t\t\t\t<\/div>\n\t\t\t\t<\/div>\n\t\t\t\t\t<\/div>\n\t\t<\/div>\n\t\t\t\t\t<\/div>\n\t\t<\/section>\n\t\t\t\t<section class=\"elementor-section elementor-top-section elementor-element elementor-element-b15242b elementor-section-boxed elementor-section-height-default elementor-section-height-default\" data-id=\"b15242b\" data-element_type=\"section\" data-e-type=\"section\" data-settings=\"{&quot;_ha_eqh_enable&quot;:false}\">\n\t\t\t\t\t\t<div class=\"elementor-container elementor-column-gap-default\">\n\t\t\t\t\t<div class=\"elementor-column elementor-col-33 elementor-top-column elementor-element elementor-element-cc8f546\" data-id=\"cc8f546\" data-element_type=\"column\" data-e-type=\"column\">\n\t\t\t<div class=\"elementor-widget-wrap elementor-element-populated\">\n\t\t\t\t\t\t<div class=\"elementor-element elementor-element-673d923 elementor-widget elementor-widget-text-editor\" data-id=\"673d923\" data-element_type=\"widget\" data-e-type=\"widget\" data-widget_type=\"text-editor.default\">\n\t\t\t\t<div class=\"elementor-widget-container\">\n\t\t\t\t\t\t\t\t\t<p><span style=\"color: #344e41;\">Copyright \u00a9 2022 Green Artivism. All Rights Reserved.<\/span><\/p>\t\t\t\t\t\t\t\t<\/div>\n\t\t\t\t<\/div>\n\t\t\t\t\t<\/div>\n\t\t<\/div>\n\t\t\t\t<div class=\"elementor-column elementor-col-33 elementor-top-column elementor-element elementor-element-32f7953\" data-id=\"32f7953\" data-element_type=\"column\" data-e-type=\"column\">\n\t\t\t<div class=\"elementor-widget-wrap\">\n\t\t\t\t\t\t\t<\/div>\n\t\t<\/div>\n\t\t\t\t<div class=\"elementor-column elementor-col-33 elementor-top-column elementor-element elementor-element-6585d86\" data-id=\"6585d86\" data-element_type=\"column\" data-e-type=\"column\">\n\t\t\t<div class=\"elementor-widget-wrap elementor-element-populated\">\n\t\t\t\t\t\t<div class=\"elementor-element elementor-element-74b4924 elementor-widget elementor-widget-text-editor\" data-id=\"74b4924\" data-element_type=\"widget\" data-e-type=\"widget\" data-widget_type=\"text-editor.default\">\n\t\t\t\t<div class=\"elementor-widget-container\">\n\t\t\t\t\t\t\t\t\t<span style=\"color: #344e41; text-align: left;\">Powered by\u00a0<\/span><a style=\"color: #14213d; text-align: right;\" href=\"https:\/\/innovationhive.eu\/\" target=\"_blank\" rel=\"noopener\">Innovation Hive<\/a>\t\t\t\t\t\t\t\t<\/div>\n\t\t\t\t<\/div>\n\t\t\t\t\t<\/div>\n\t\t<\/div>\n\t\t\t\t\t<\/div>\n\t\t<\/section>\n\t\t\t\t<\/div>\n\t\t","protected":false},"excerpt":{"rendered":"<p>Projekt Opis projekta Mladi generaciji pod vodstvom Grete Thunberg \u017ee od 2018 uspeva ustvarjati najve\u010dji zagon za ustavitev klimatske krize [&hellip;]<\/p>\n","protected":false},"author":1,"featured_media":0,"parent":0,"menu_order":0,"comment_status":"closed","ping_status":"closed","template":"page-templates\/template_page-builder.php","meta":{"_bbp_topic_count":0,"_bbp_reply_count":0,"_bbp_total_topic_count":0,"_bbp_total_reply_count":0,"_bbp_voice_count":0,"_bbp_anonymous_reply_count":0,"_bbp_topic_count_hidden":0,"_bbp_reply_count_hidden":0,"_bbp_forum_subforum_count":0,"_monsterinsights_skip_tracking":false,"_monsterinsights_sitenote_active":false,"_monsterinsights_sitenote_note":"","_monsterinsights_sitenote_category":0,"footnotes":""},"class_list":["post-458","page","type-page","status-publish","hentry"],"aioseo_notices":[],"_links":{"self":[{"href":"https:\/\/green-artivism.eu\/index.php\/wp-json\/wp\/v2\/pages\/458","targetHints":{"allow":["GET"]}}],"collection":[{"href":"https:\/\/green-artivism.eu\/index.php\/wp-json\/wp\/v2\/pages"}],"about":[{"href":"https:\/\/green-artivism.eu\/index.php\/wp-json\/wp\/v2\/types\/page"}],"author":[{"embeddable":true,"href":"https:\/\/green-artivism.eu\/index.php\/wp-json\/wp\/v2\/users\/1"}],"replies":[{"embeddable":true,"href":"https:\/\/green-artivism.eu\/index.php\/wp-json\/wp\/v2\/comments?post=458"}],"version-history":[{"count":25,"href":"https:\/\/green-artivism.eu\/index.php\/wp-json\/wp\/v2\/pages\/458\/revisions"}],"predecessor-version":[{"id":2920,"href":"https:\/\/green-artivism.eu\/index.php\/wp-json\/wp\/v2\/pages\/458\/revisions\/2920"}],"wp:attachment":[{"href":"https:\/\/green-artivism.eu\/index.php\/wp-json\/wp\/v2\/media?parent=458"}],"curies":[{"name":"wp","href":"https:\/\/api.w.org\/{rel}","templated":true}]}}